{"id":17,"date":"2024-09-24T10:55:31","date_gmt":"2024-09-24T10:55:31","guid":{"rendered":"https:\/\/demosites.royal-elementor-addons.com\/car-repair-v2\/?page_id=17"},"modified":"2025-03-09T18:35:07","modified_gmt":"2025-03-09T18:35:07","slug":"galeria","status":"publish","type":"page","link":"https:\/\/gruasbohme.cl\/bohme\/galeria\/","title":{"rendered":"Galer\u00eda"},"content":{"rendered":"<p class=\"attachment\"><a href='https:\/\/gruasbohme.cl\/bohme\/wp-content\/uploads\/2024\/12\/WhatsApp-Image-2024-11-06-at-17.02.04-1.jpeg'><img fetchpriority=\"high\" decoding=\"async\" width=\"300\" height=\"169\" src=\"https:\/\/gruasbohme.cl\/bohme\/wp-content\/uploads\/2024\/12\/WhatsApp-Image-2024-11-06-at-17.02.04-1-300x169.jpeg\" class=\"attachment-medium size-medium\" alt=\"\" srcset=\"https:\/\/gruasbohme.cl\/bohme\/wp-content\/uploads\/2024\/12\/WhatsApp-Image-2024-11-06-at-17.02.04-1-300x169.jpeg 300w, https:\/\/gruasbohme.cl\/bohme\/wp-content\/uploads\/2024\/12\/WhatsApp-Image-2024-11-06-at-17.02.04-1-1024x576.jpeg 1024w, https:\/\/gruasbohme.cl\/bohme\/wp-content\/uploads\/2024\/12\/WhatsApp-Image-2024-11-06-at-17.02.04-1-768x432.jpeg 768w, https:\/\/gruasbohme.cl\/bohme\/wp-content\/uploads\/2024\/12\/WhatsApp-Image-2024-11-06-at-17.02.04-1-1536x864.jpeg 1536w, https:\/\/gruasbohme.cl\/bohme\/wp-content\/uploads\/2024\/12\/WhatsApp-Image-2024-11-06-at-17.02.04-1.jpeg 1599w\" sizes=\"(max-width: 300px) 100vw, 300px\" \/><\/a><\/p>\n\t\t<div data-elementor-type=\"wp-page\" data-elementor-id=\"17\" class=\"elementor elementor-17\">\n\t\t\t\t<div class=\"elementor-element elementor-element-70b1889 e-flex e-con-boxed wpr-particle-no wpr-jarallax-no wpr-parallax-no wpr-sticky-section-no e-con e-parent\" data-id=\"70b1889\" data-element_type=\"container\" data-settings=\"{&quot;background_background&quot;:&quot;classic&quot;}\">\n\t\t\t\t\t<div class=\"e-con-inner\">\n\t\t\t\t<div class=\"elementor-element elementor-element-5b8bcd2 elementor-widget elementor-widget-heading\" data-id=\"5b8bcd2\" data-element_type=\"widget\" data-widget_type=\"heading.default\">\n\t\t\t\t<div class=\"elementor-widget-container\">\n\t\t\t\t\t<h2 class=\"elementor-heading-title elementor-size-default\">Galer\u00eda<\/h2>\t\t\t\t<\/div>\n\t\t\t\t<\/div>\n\t\t\t\t<div class=\"elementor-element elementor-element-64808c9 elementor-widget elementor-widget-wpr-breadcrumbs-pro\" data-id=\"64808c9\" data-element_type=\"widget\" data-widget_type=\"wpr-breadcrumbs-pro.default\">\n\t\t\t\t<div class=\"elementor-widget-container\">\n\t\t\t\t\t<div class=\"wpr-post-breadcrumbs\"><ul class=\"wpr-breadcrumbs\"><li><a href=\"https:\/\/gruasbohme.cl\/bohme\">Inicio<\/a><\/li><li>\/<\/li><\/ul><\/div>\t\t\t\t<\/div>\n\t\t\t\t<\/div>\n\t\t\t\t\t<\/div>\n\t\t\t\t<\/div>\n\t\t<div class=\"elementor-element elementor-element-3ed1303 e-flex e-con-boxed wpr-particle-no wpr-jarallax-no wpr-parallax-no wpr-sticky-section-no e-con e-parent\" data-id=\"3ed1303\" data-element_type=\"container\">\n\t\t\t\t\t<div class=\"e-con-inner\">\n\t\t\t\t<div class=\"elementor-element elementor-element-5d45479 elementor-widget elementor-widget-heading\" data-id=\"5d45479\" data-element_type=\"widget\" data-widget_type=\"heading.default\">\n\t\t\t\t<div class=\"elementor-widget-container\">\n\t\t\t\t\t<h2 class=\"elementor-heading-title elementor-size-default\">galer\u00eda<\/h2>\t\t\t\t<\/div>\n\t\t\t\t<\/div>\n\t\t\t\t<div class=\"elementor-element elementor-element-b7e2254 elementor-widget elementor-widget-heading\" data-id=\"b7e2254\" data-element_type=\"widget\" data-widget_type=\"heading.default\">\n\t\t\t\t<div class=\"elementor-widget-container\">\n\t\t\t\t\t<h2 class=\"elementor-heading-title elementor-size-default\">Im\u00e1genes de proyectos realizados<\/h2>\t\t\t\t<\/div>\n\t\t\t\t<\/div>\n\t\t\t\t<div class=\"elementor-element elementor-element-193903c wpr-grid-columns-3 wpr-grid-columns--tablet2 wpr-grid-columns--mobile1 wpr-grid-pagination-center elementor-invisible elementor-widget elementor-widget-wpr-media-grid\" data-id=\"193903c\" data-element_type=\"widget\" data-settings=\"{&quot;_animation&quot;:&quot;fadeIn&quot;}\" data-widget_type=\"wpr-media-grid.default\">\n\t\t\t\t<div class=\"elementor-widget-container\">\n\t\t\t\t\t<section class=\"wpr-grid wpr-media-grid elementor-clearfix\" data-settings=\"{&quot;layout&quot;:&quot;masonry&quot;,&quot;columns_desktop&quot;:&quot;3&quot;,&quot;gutter_hr&quot;:10,&quot;gutter_hr_mobile&quot;:10,&quot;gutter_hr_mobile_extra&quot;:10,&quot;gutter_hr_tablet&quot;:10,&quot;gutter_hr_tablet_extra&quot;:10,&quot;gutter_hr_laptop&quot;:10,&quot;gutter_hr_widescreen&quot;:10,&quot;gutter_vr&quot;:10,&quot;gutter_vr_mobile&quot;:10,&quot;gutter_vr_mobile_extra&quot;:10,&quot;gutter_vr_tablet&quot;:10,&quot;gutter_vr_tablet_extra&quot;:10,&quot;gutter_vr_laptop&quot;:10,&quot;gutter_vr_widescreen&quot;:10,&quot;animation&quot;:&quot;fade&quot;,&quot;animation_duration&quot;:0.3,&quot;animation_delay&quot;:0.25,&quot;deeplinking&quot;:&quot;no&quot;,&quot;filters_default_filter&quot;:&quot;&quot;,&quot;filters_linkable&quot;:&quot;no&quot;,&quot;filters_count&quot;:&quot;no&quot;,&quot;filters_hide_empty&quot;:&quot;no&quot;,&quot;filters_animation&quot;:&quot;default&quot;,&quot;filters_animation_duration&quot;:0.3,&quot;filters_animation_delay&quot;:0.1,&quot;pagination_type&quot;:&quot;load-more&quot;,&quot;pagination_max_pages&quot;:7,&quot;lightbox&quot;:{&quot;selector&quot;:&quot;.wpr-grid-image-wrap&quot;,&quot;iframeMaxWidth&quot;:&quot;60%&quot;,&quot;hash&quot;:false,&quot;autoplay&quot;:&quot;true&quot;,&quot;pause&quot;:5000,&quot;progressBar&quot;:&quot;true&quot;,&quot;counter&quot;:&quot;true&quot;,&quot;controls&quot;:&quot;true&quot;,&quot;getCaptionFromTitleOrAlt&quot;:&quot;true&quot;,&quot;thumbnail&quot;:&quot;true&quot;,&quot;showThumbByDefault&quot;:&quot;true&quot;,&quot;share&quot;:&quot;true&quot;,&quot;zoom&quot;:&quot;true&quot;,&quot;fullScreen&quot;:&quot;true&quot;,&quot;download&quot;:&quot;true&quot;}}\"><article class=\"wpr-grid-item elementor-clearfix post-1822 attachment type-attachment status-inherit hentry\"><div class=\"wpr-grid-item-inner\"><div class=\"wpr-grid-media-wrap wpr-effect-size-small \"><div class=\"wpr-grid-image-wrap\" data-src=\"https:\/\/gruasbohme.cl\/bohme\/wp-content\/uploads\/2024\/12\/WhatsApp-Image-2024-11-25-at-14.51.17.jpeg\"><img decoding=\"async\" src=\"https:\/\/gruasbohme.cl\/bohme\/wp-content\/uploads\/2024\/12\/WhatsApp-Image-2024-11-25-at-14.51.17.jpeg\" alt=\"WhatsApp Image 2024-11-25 at 14.51.17\" class=\"wpr-anim-timing-ease-default\"><\/div><div class=\"wpr-grid-media-hover wpr-animation-wrap\"><div class=\"wpr-grid-media-hover-bg  wpr-overlay-fade-in wpr-anim-size-large wpr-anim-timing-ease-default wpr-anim-transparency\" data-url=\"https:\/\/gruasbohme.cl\/bohme\/nosotros\/whatsapp-image-2024-11-25-at-14-51-17\/\"><\/div><div class=\"wpr-cv-container\"><div class=\"wpr-cv-outer\"><div class=\"wpr-cv-inner\"><div class=\"wpr-grid-media-hover-middle elementor-clearfix\"><div class=\"wpr-grid-item-lightbox elementor-repeater-item-ce58035 wpr-grid-item-display-block wpr-grid-item-align-center wpr-element-fade-in wpr-anim-size-large wpr-anim-timing-ease-default wpr-anim-transparency\"><div class=\"inner-block\"><span data-src=\"https:\/\/gruasbohme.cl\/bohme\/wp-content\/uploads\/2024\/12\/WhatsApp-Image-2024-11-25-at-14.51.17.jpeg\"><i class=\"fas fa-expand-arrows-alt\"><\/i><\/span><div class=\"wpr-grid-lightbox-overlay\"><\/div><\/div><\/div><\/div><\/div><\/div><\/div><\/div><\/div><\/div><\/article><article class=\"wpr-grid-item elementor-clearfix post-1812 attachment type-attachment status-inherit hentry\"><div class=\"wpr-grid-item-inner\"><div class=\"wpr-grid-media-wrap wpr-effect-size-small \"><div class=\"wpr-grid-image-wrap\" data-src=\"https:\/\/gruasbohme.cl\/bohme\/wp-content\/uploads\/2024\/12\/WhatsApp-Image-2024-12-06-at-12.47.35-12.jpeg\"><img decoding=\"async\" src=\"https:\/\/gruasbohme.cl\/bohme\/wp-content\/uploads\/2024\/12\/WhatsApp-Image-2024-12-06-at-12.47.35-12.jpeg\" alt=\"WhatsApp Image 2024-12-06 at 12.47.35 (12)\" class=\"wpr-anim-timing-ease-default\"><\/div><div class=\"wpr-grid-media-hover wpr-animation-wrap\"><div class=\"wpr-grid-media-hover-bg  wpr-overlay-fade-in wpr-anim-size-large wpr-anim-timing-ease-default wpr-anim-transparency\" data-url=\"https:\/\/gruasbohme.cl\/bohme\/nosotros\/whatsapp-image-2024-12-06-at-12-47-35-12\/\"><\/div><div class=\"wpr-cv-container\"><div class=\"wpr-cv-outer\"><div class=\"wpr-cv-inner\"><div class=\"wpr-grid-media-hover-middle elementor-clearfix\"><div class=\"wpr-grid-item-lightbox elementor-repeater-item-ce58035 wpr-grid-item-display-block wpr-grid-item-align-center wpr-element-fade-in wpr-anim-size-large wpr-anim-timing-ease-default wpr-anim-transparency\"><div class=\"inner-block\"><span data-src=\"https:\/\/gruasbohme.cl\/bohme\/wp-content\/uploads\/2024\/12\/WhatsApp-Image-2024-12-06-at-12.47.35-12.jpeg\"><i class=\"fas fa-expand-arrows-alt\"><\/i><\/span><div class=\"wpr-grid-lightbox-overlay\"><\/div><\/div><\/div><\/div><\/div><\/div><\/div><\/div><\/div><\/div><\/article><article class=\"wpr-grid-item elementor-clearfix post-1807 attachment type-attachment status-inherit hentry\"><div class=\"wpr-grid-item-inner\"><div class=\"wpr-grid-media-wrap wpr-effect-size-small \"><div class=\"wpr-grid-image-wrap\" data-src=\"https:\/\/gruasbohme.cl\/bohme\/wp-content\/uploads\/2024\/12\/WhatsApp-Image-2024-12-06-at-12.44.14.jpeg\"><img decoding=\"async\" src=\"https:\/\/gruasbohme.cl\/bohme\/wp-content\/uploads\/2024\/12\/WhatsApp-Image-2024-12-06-at-12.44.14.jpeg\" alt=\"WhatsApp Image 2024-12-06 at 12.44.14\" class=\"wpr-anim-timing-ease-default\"><\/div><div class=\"wpr-grid-media-hover wpr-animation-wrap\"><div class=\"wpr-grid-media-hover-bg  wpr-overlay-fade-in wpr-anim-size-large wpr-anim-timing-ease-default wpr-anim-transparency\" data-url=\"https:\/\/gruasbohme.cl\/bohme\/contacto\/whatsapp-image-2024-12-06-at-12-44-14\/\"><\/div><div class=\"wpr-cv-container\"><div class=\"wpr-cv-outer\"><div class=\"wpr-cv-inner\"><div class=\"wpr-grid-media-hover-middle elementor-clearfix\"><div class=\"wpr-grid-item-lightbox elementor-repeater-item-ce58035 wpr-grid-item-display-block wpr-grid-item-align-center wpr-element-fade-in wpr-anim-size-large wpr-anim-timing-ease-default wpr-anim-transparency\"><div class=\"inner-block\"><span data-src=\"https:\/\/gruasbohme.cl\/bohme\/wp-content\/uploads\/2024\/12\/WhatsApp-Image-2024-12-06-at-12.44.14.jpeg\"><i class=\"fas fa-expand-arrows-alt\"><\/i><\/span><div class=\"wpr-grid-lightbox-overlay\"><\/div><\/div><\/div><\/div><\/div><\/div><\/div><\/div><\/div><\/div><\/article><article class=\"wpr-grid-item elementor-clearfix post-1797 attachment type-attachment status-inherit hentry\"><div class=\"wpr-grid-item-inner\"><div class=\"wpr-grid-media-wrap wpr-effect-size-small \"><div class=\"wpr-grid-image-wrap\" data-src=\"https:\/\/gruasbohme.cl\/bohme\/wp-content\/uploads\/2024\/12\/WhatsApp-Image-2024-12-06-at-10.38.41-2.jpeg\"><img decoding=\"async\" src=\"https:\/\/gruasbohme.cl\/bohme\/wp-content\/uploads\/2024\/12\/WhatsApp-Image-2024-12-06-at-10.38.41-2.jpeg\" alt=\"WhatsApp Image 2024-12-06 at 10.38.41 (2)\" class=\"wpr-anim-timing-ease-default\"><\/div><div class=\"wpr-grid-media-hover wpr-animation-wrap\"><div class=\"wpr-grid-media-hover-bg  wpr-overlay-fade-in wpr-anim-size-large wpr-anim-timing-ease-default wpr-anim-transparency\" data-url=\"https:\/\/gruasbohme.cl\/bohme\/proyectos\/whatsapp-image-2024-12-06-at-10-38-41-2\/\"><\/div><div class=\"wpr-cv-container\"><div class=\"wpr-cv-outer\"><div class=\"wpr-cv-inner\"><div class=\"wpr-grid-media-hover-middle elementor-clearfix\"><div class=\"wpr-grid-item-lightbox elementor-repeater-item-ce58035 wpr-grid-item-display-block wpr-grid-item-align-center wpr-element-fade-in wpr-anim-size-large wpr-anim-timing-ease-default wpr-anim-transparency\"><div class=\"inner-block\"><span data-src=\"https:\/\/gruasbohme.cl\/bohme\/wp-content\/uploads\/2024\/12\/WhatsApp-Image-2024-12-06-at-10.38.41-2.jpeg\"><i class=\"fas fa-expand-arrows-alt\"><\/i><\/span><div class=\"wpr-grid-lightbox-overlay\"><\/div><\/div><\/div><\/div><\/div><\/div><\/div><\/div><\/div><\/div><\/article><article class=\"wpr-grid-item elementor-clearfix post-1772 attachment type-attachment status-inherit hentry\"><div class=\"wpr-grid-item-inner\"><div class=\"wpr-grid-media-wrap wpr-effect-size-small \"><div class=\"wpr-grid-image-wrap\" data-src=\"https:\/\/gruasbohme.cl\/bohme\/wp-content\/uploads\/2024\/12\/WhatsApp-Image-2024-11-12-at-11.20.42-2.jpeg\"><img decoding=\"async\" src=\"https:\/\/gruasbohme.cl\/bohme\/wp-content\/uploads\/2024\/12\/WhatsApp-Image-2024-11-12-at-11.20.42-2.jpeg\" alt=\"WhatsApp Image 2024-11-12 at 11.20.42 (2)\" class=\"wpr-anim-timing-ease-default\"><\/div><div class=\"wpr-grid-media-hover wpr-animation-wrap\"><div class=\"wpr-grid-media-hover-bg  wpr-overlay-fade-in wpr-anim-size-large wpr-anim-timing-ease-default wpr-anim-transparency\" data-url=\"https:\/\/gruasbohme.cl\/bohme\/proyectos\/whatsapp-image-2024-11-12-at-11-20-42-2\/\"><\/div><div class=\"wpr-cv-container\"><div class=\"wpr-cv-outer\"><div class=\"wpr-cv-inner\"><div class=\"wpr-grid-media-hover-middle elementor-clearfix\"><div class=\"wpr-grid-item-lightbox elementor-repeater-item-ce58035 wpr-grid-item-display-block wpr-grid-item-align-center wpr-element-fade-in wpr-anim-size-large wpr-anim-timing-ease-default wpr-anim-transparency\"><div class=\"inner-block\"><span data-src=\"https:\/\/gruasbohme.cl\/bohme\/wp-content\/uploads\/2024\/12\/WhatsApp-Image-2024-11-12-at-11.20.42-2.jpeg\"><i class=\"fas fa-expand-arrows-alt\"><\/i><\/span><div class=\"wpr-grid-lightbox-overlay\"><\/div><\/div><\/div><\/div><\/div><\/div><\/div><\/div><\/div><\/div><\/article><article class=\"wpr-grid-item elementor-clearfix post-1771 attachment type-attachment status-inherit hentry\"><div class=\"wpr-grid-item-inner\"><div class=\"wpr-grid-media-wrap wpr-effect-size-small \"><div class=\"wpr-grid-image-wrap\" data-src=\"https:\/\/gruasbohme.cl\/bohme\/wp-content\/uploads\/2024\/12\/WhatsApp-Image-2024-11-12-at-11.19.26-1-1.jpeg\"><img decoding=\"async\" src=\"https:\/\/gruasbohme.cl\/bohme\/wp-content\/uploads\/2024\/12\/WhatsApp-Image-2024-11-12-at-11.19.26-1-1.jpeg\" alt=\"WhatsApp Image 2024-11-12 at 11.19.26 (1) (1)\" class=\"wpr-anim-timing-ease-default\"><\/div><div class=\"wpr-grid-media-hover wpr-animation-wrap\"><div class=\"wpr-grid-media-hover-bg  wpr-overlay-fade-in wpr-anim-size-large wpr-anim-timing-ease-default wpr-anim-transparency\" data-url=\"https:\/\/gruasbohme.cl\/bohme\/proyectos\/whatsapp-image-2024-11-12-at-11-19-26-1-1\/\"><\/div><div class=\"wpr-cv-container\"><div class=\"wpr-cv-outer\"><div class=\"wpr-cv-inner\"><div class=\"wpr-grid-media-hover-middle elementor-clearfix\"><div class=\"wpr-grid-item-lightbox elementor-repeater-item-ce58035 wpr-grid-item-display-block wpr-grid-item-align-center wpr-element-fade-in wpr-anim-size-large wpr-anim-timing-ease-default wpr-anim-transparency\"><div class=\"inner-block\"><span data-src=\"https:\/\/gruasbohme.cl\/bohme\/wp-content\/uploads\/2024\/12\/WhatsApp-Image-2024-11-12-at-11.19.26-1-1.jpeg\"><i class=\"fas fa-expand-arrows-alt\"><\/i><\/span><div class=\"wpr-grid-lightbox-overlay\"><\/div><\/div><\/div><\/div><\/div><\/div><\/div><\/div><\/div><\/div><\/article><article class=\"wpr-grid-item elementor-clearfix post-1770 attachment type-attachment status-inherit hentry\"><div class=\"wpr-grid-item-inner\"><div class=\"wpr-grid-media-wrap wpr-effect-size-small \"><div class=\"wpr-grid-image-wrap\" data-src=\"https:\/\/gruasbohme.cl\/bohme\/wp-content\/uploads\/2024\/12\/WhatsApp-Image-2024-11-11-at-15.08.47-1-scaled.jpeg\"><img decoding=\"async\" src=\"https:\/\/gruasbohme.cl\/bohme\/wp-content\/uploads\/2024\/12\/WhatsApp-Image-2024-11-11-at-15.08.47-1-scaled.jpeg\" alt=\"WhatsApp Image 2024-11-11 at 15.08.47 (1)\" class=\"wpr-anim-timing-ease-default\"><\/div><div class=\"wpr-grid-media-hover wpr-animation-wrap\"><div class=\"wpr-grid-media-hover-bg  wpr-overlay-fade-in wpr-anim-size-large wpr-anim-timing-ease-default wpr-anim-transparency\" data-url=\"https:\/\/gruasbohme.cl\/bohme\/proyectos\/whatsapp-image-2024-11-11-at-15-08-47-1\/\"><\/div><div class=\"wpr-cv-container\"><div class=\"wpr-cv-outer\"><div class=\"wpr-cv-inner\"><div class=\"wpr-grid-media-hover-middle elementor-clearfix\"><div class=\"wpr-grid-item-lightbox elementor-repeater-item-ce58035 wpr-grid-item-display-block wpr-grid-item-align-center wpr-element-fade-in wpr-anim-size-large wpr-anim-timing-ease-default wpr-anim-transparency\"><div class=\"inner-block\"><span data-src=\"https:\/\/gruasbohme.cl\/bohme\/wp-content\/uploads\/2024\/12\/WhatsApp-Image-2024-11-11-at-15.08.47-1-scaled.jpeg\"><i class=\"fas fa-expand-arrows-alt\"><\/i><\/span><div class=\"wpr-grid-lightbox-overlay\"><\/div><\/div><\/div><\/div><\/div><\/div><\/div><\/div><\/div><\/div><\/article><article class=\"wpr-grid-item elementor-clearfix post-1768 attachment type-attachment status-inherit hentry\"><div class=\"wpr-grid-item-inner\"><div class=\"wpr-grid-media-wrap wpr-effect-size-small \"><div class=\"wpr-grid-image-wrap\" data-src=\"https:\/\/gruasbohme.cl\/bohme\/wp-content\/uploads\/2024\/12\/WhatsApp-Image-2024-11-11-at-14.52.17-1.jpeg\"><img decoding=\"async\" src=\"https:\/\/gruasbohme.cl\/bohme\/wp-content\/uploads\/2024\/12\/WhatsApp-Image-2024-11-11-at-14.52.17-1.jpeg\" alt=\"WhatsApp Image 2024-11-11 at 14.52.17 (1)\" class=\"wpr-anim-timing-ease-default\"><\/div><div class=\"wpr-grid-media-hover wpr-animation-wrap\"><div class=\"wpr-grid-media-hover-bg  wpr-overlay-fade-in wpr-anim-size-large wpr-anim-timing-ease-default wpr-anim-transparency\" data-url=\"https:\/\/gruasbohme.cl\/bohme\/proyectos\/whatsapp-image-2024-11-11-at-14-52-17-1\/\"><\/div><div class=\"wpr-cv-container\"><div class=\"wpr-cv-outer\"><div class=\"wpr-cv-inner\"><div class=\"wpr-grid-media-hover-middle elementor-clearfix\"><div class=\"wpr-grid-item-lightbox elementor-repeater-item-ce58035 wpr-grid-item-display-block wpr-grid-item-align-center wpr-element-fade-in wpr-anim-size-large wpr-anim-timing-ease-default wpr-anim-transparency\"><div class=\"inner-block\"><span data-src=\"https:\/\/gruasbohme.cl\/bohme\/wp-content\/uploads\/2024\/12\/WhatsApp-Image-2024-11-11-at-14.52.17-1.jpeg\"><i class=\"fas fa-expand-arrows-alt\"><\/i><\/span><div class=\"wpr-grid-lightbox-overlay\"><\/div><\/div><\/div><\/div><\/div><\/div><\/div><\/div><\/div><\/div><\/article><article class=\"wpr-grid-item elementor-clearfix post-1763 attachment type-attachment status-inherit hentry\"><div class=\"wpr-grid-item-inner\"><div class=\"wpr-grid-media-wrap wpr-effect-size-small \"><div class=\"wpr-grid-image-wrap\" data-src=\"https:\/\/gruasbohme.cl\/bohme\/wp-content\/uploads\/2024\/12\/WhatsApp-Image-2024-11-06-at-17.02.04-1.jpeg\"><img decoding=\"async\" src=\"https:\/\/gruasbohme.cl\/bohme\/wp-content\/uploads\/2024\/12\/WhatsApp-Image-2024-11-06-at-17.02.04-1.jpeg\" alt=\"WhatsApp Image 2024-11-06 at 17.02.04 (1)\" class=\"wpr-anim-timing-ease-default\"><\/div><div class=\"wpr-grid-media-hover wpr-animation-wrap\"><div class=\"wpr-grid-media-hover-bg  wpr-overlay-fade-in wpr-anim-size-large wpr-anim-timing-ease-default wpr-anim-transparency\" data-url=\"https:\/\/gruasbohme.cl\/bohme\/proyectos\/whatsapp-image-2024-11-06-at-17-02-04-1\/\"><\/div><div class=\"wpr-cv-container\"><div class=\"wpr-cv-outer\"><div class=\"wpr-cv-inner\"><div class=\"wpr-grid-media-hover-middle elementor-clearfix\"><div class=\"wpr-grid-item-lightbox elementor-repeater-item-ce58035 wpr-grid-item-display-block wpr-grid-item-align-center wpr-element-fade-in wpr-anim-size-large wpr-anim-timing-ease-default wpr-anim-transparency\"><div class=\"inner-block\"><span data-src=\"https:\/\/gruasbohme.cl\/bohme\/wp-content\/uploads\/2024\/12\/WhatsApp-Image-2024-11-06-at-17.02.04-1.jpeg\"><i class=\"fas fa-expand-arrows-alt\"><\/i><\/span><div class=\"wpr-grid-lightbox-overlay\"><\/div><\/div><\/div><\/div><\/div><\/div><\/div><\/div><\/div><\/div><\/article><\/section><div class=\"wpr-grid-pagination elementor-clearfix wpr-grid-pagination-load-more\"><a href=\"https:\/\/gruasbohme.cl\/bohme\/wp-json\/wp\/v2\/pages\/17\/page\/2\/\" class=\"wpr-load-more-btn\" data-e-disable-page-transition >M\u00e1s Fotos<\/a><div class=\"wpr-pagination-loading\"><div class=\"wpr-double-bounce\"><div class=\"wpr-child wpr-double-bounce1\"><\/div><div class=\"wpr-child wpr-double-bounce2\"><\/div><\/div><\/div><p class=\"wpr-pagination-finish\">End of Content.<\/p><\/div>\t\t\t\t<\/div>\n\t\t\t\t<\/div>\n\t\t\t\t\t<\/div>\n\t\t\t\t<\/div>\n\t\t\t\t<\/div>\n\t\t","protected":false},"excerpt":{"rendered":"<p>Galer\u00eda Inicio \/ galer\u00eda Im\u00e1genes de proyectos realizados M\u00e1s Fotos End of Content.<\/p>\n","protected":false},"author":1,"featured_media":0,"parent":0,"menu_order":0,"comment_status":"closed","ping_status":"closed","template":"elementor_canvas","meta":{"footnotes":""},"class_list":["post-17","page","type-page","status-publish","hentry"],"_links":{"self":[{"href":"https:\/\/gruasbohme.cl\/bohme\/wp-json\/wp\/v2\/pages\/17","targetHints":{"allow":["GET"]}}],"collection":[{"href":"https:\/\/gruasbohme.cl\/bohme\/wp-json\/wp\/v2\/pages"}],"about":[{"href":"https:\/\/gruasbohme.cl\/bohme\/wp-json\/wp\/v2\/types\/page"}],"author":[{"embeddable":true,"href":"https:\/\/gruasbohme.cl\/bohme\/wp-json\/wp\/v2\/users\/1"}],"replies":[{"embeddable":true,"href":"https:\/\/gruasbohme.cl\/bohme\/wp-json\/wp\/v2\/comments?post=17"}],"version-history":[{"count":25,"href":"https:\/\/gruasbohme.cl\/bohme\/wp-json\/wp\/v2\/pages\/17\/revisions"}],"predecessor-version":[{"id":2203,"href":"https:\/\/gruasbohme.cl\/bohme\/wp-json\/wp\/v2\/pages\/17\/revisions\/2203"}],"wp:attachment":[{"href":"https:\/\/gruasbohme.cl\/bohme\/wp-json\/wp\/v2\/media?parent=17"}],"curies":[{"name":"wp","href":"https:\/\/api.w.org\/{rel}","templated":true}]}}